{"id":33,"date":"2025-12-11T09:22:40","date_gmt":"2025-12-11T08:22:40","guid":{"rendered":"https:\/\/www.berner-bikes-mallorca.com\/?page_id=33"},"modified":"2026-03-31T10:12:55","modified_gmt":"2026-03-31T08:12:55","slug":"faq","status":"publish","type":"page","link":"https:\/\/www.berner-bikes-mallorca.com\/en\/faq\/","title":{"rendered":"FAQ"},"content":{"rendered":"<div class=\"wp-block-group alignfull has-background has-global-padding is-content-justification-left is-layout-constrained wp-container-core-group-is-layout-c016caeb wp-block-group-is-layout-constrained\" style=\"background-color:#38384c;min-height:500px;margin-top:0;margin-bottom:0;padding-top:var(--wp--preset--spacing--50);padding-right:var(--wp--preset--spacing--50);padding-bottom:var(--wp--preset--spacing--50);padding-left:var(--wp--preset--spacing--50);background-image:url(&apos;https:\/\/www.berner-bikes-mallorca.com\/wp-content\/uploads\/2025\/12\/banner_radvermietung_dark.png&apos;);background-size:cover;\">\n<div style=\"height:88px\" aria-hidden=\"true\" class=\"wp-block-spacer\"><\/div>\n\n\n\n<h1 class=\"wp-block-heading has-text-align-left has-base-2-color has-text-color has-link-color has-body-font-family wp-elements-18d421af21c8d12d8528e31b88c12fcc\"><strong>Frequently asked questions<\/strong><\/h1>\n\n\n\n<p class=\"has-base-2-color has-text-color has-link-color has-body-font-family wp-elements-aa8826f254e6390ecb49b80dda4572b6\">Here you will find answers to the most important questions about your cycling holidays with BERNER Bikes.<\/p>\n<\/div>\n\n\n\n<div class=\"wp-block-group alignfull has-global-padding is-layout-constrained wp-container-core-group-is-layout-aff97930 wp-block-group-is-layout-constrained\" style=\"padding-top:var(--wp--preset--spacing--10);padding-right:var(--wp--preset--spacing--10);padding-bottom:var(--wp--preset--spacing--10);padding-left:var(--wp--preset--spacing--10)\">\n<div class=\"wp-block-group has-background has-global-padding is-layout-constrained wp-block-group-is-layout-constrained\" style=\"border-width:1px;border-top-left-radius:20px;border-top-right-radius:20px;border-bottom-left-radius:20px;border-bottom-right-radius:20px;background-color:#b7d4da\">\n<div class=\"wp-block-group has-background has-global-padding is-layout-constrained wp-container-core-group-is-layout-3cf2dedd wp-block-group-is-layout-constrained\" style=\"border-top-left-radius:20px;border-top-right-radius:20px;background-color:#b7d4da;margin-top:0;margin-bottom:0;padding-top:0;padding-right:0;padding-bottom:0;padding-left:0\">\n<div style=\"height:8px\" aria-hidden=\"true\" class=\"wp-block-spacer\"><\/div>\n\n\n\n<h1 class=\"wp-block-heading has-text-align-center has-large-font-size\"><strong>How can I reserve a bicycle?<\/strong><\/h1>\n<\/div>\n\n\n\n<div class=\"wp-block-group has-base-2-background-color has-background has-global-padding is-layout-constrained wp-container-core-group-is-layout-0d50ff42 wp-block-group-is-layout-constrained\" style=\"border-bottom-left-radius:20px;border-bottom-right-radius:20px;padding-top:0;padding-right:var(--wp--preset--spacing--10);padding-bottom:0;padding-left:var(--wp--preset--spacing--10)\">\n<details class=\"wp-block-details is-style-arrow-icon-details is-layout-flow wp-block-details-is-layout-flow\"><summary>How can I reserve a bicycle?<\/summary>\n<p>Please send us your booking request by email to mallorca@berner-bikes.com. <br>Tell us your preferred model, the rental period and your height.<\/p>\n<\/details>\n\n\n\n<details class=\"wp-block-details is-style-arrow-icon-details is-layout-flow wp-block-details-is-layout-flow\"><summary>What payment methods are accepted?<\/summary>\n<p>Du kannst die Radmiete bequem vor Ort bezahlen. Wir akzeptieren Barzahlung sowie alle g\u00e4ngigen Debitkarten. Bei Kreditkarten kann eine Geb\u00fchr anfallen!<\/p>\n<\/details>\n\n\n\n<details class=\"wp-block-details is-style-arrow-icon-details is-layout-flow wp-block-details-is-layout-flow\"><summary>Do I have to pay a deposit?<\/summary>\n<p>As a rule, no deposit is required. Full payment is made when you collect the bike from our station.<\/p>\n<\/details>\n<\/div>\n<\/div>\n\n\n\n<div class=\"wp-block-group has-background has-global-padding is-layout-constrained wp-block-group-is-layout-constrained\" style=\"border-width:1px;border-top-left-radius:20px;border-top-right-radius:20px;border-bottom-left-radius:20px;border-bottom-right-radius:20px;background-color:#b7d4da\">\n<div class=\"wp-block-group has-background has-global-padding is-layout-constrained wp-container-core-group-is-layout-3cf2dedd wp-block-group-is-layout-constrained\" style=\"border-top-left-radius:20px;border-top-right-radius:20px;background-color:#b7d4da;margin-top:0;margin-bottom:0;padding-top:0;padding-right:0;padding-bottom:0;padding-left:0\">\n<div style=\"height:8px\" aria-hidden=\"true\" class=\"wp-block-spacer\"><\/div>\n\n\n\n<h1 class=\"wp-block-heading has-text-align-center has-large-font-size\"><strong>Bicycle hire &amp; collection<\/strong><\/h1>\n<\/div>\n\n\n\n<div class=\"wp-block-group has-base-2-background-color has-background has-global-padding is-layout-constrained wp-container-core-group-is-layout-0d50ff42 wp-block-group-is-layout-constrained\" style=\"border-bottom-left-radius:20px;border-bottom-right-radius:20px;padding-top:0;padding-right:var(--wp--preset--spacing--10);padding-bottom:0;padding-left:var(--wp--preset--spacing--10)\">\n<details class=\"wp-block-details is-style-arrow-icon-details is-layout-flow wp-block-details-is-layout-flow\"><summary>Where do I pick up my hire bike?<\/summary>\n<p>Our bike station is located at the Hotel THB El Cid****.<br>C\/Vaixell 2, 07610 Playa de Palma in the hotel garden area<\/p>\n<\/details>\n\n\n\n<details class=\"wp-block-details is-style-arrow-icon-details is-layout-flow wp-block-details-is-layout-flow\"><summary>What are the opening hours of the bike station?<\/summary>\n<p>We are here for you every day.<br>Our opening hours are <br>9:00 a.m. to 11:00 a.m. <br>4:30 p.m. to 6:30 p.m.<br>If this does not suit you due to your flight times, please let us know and we will be happy to arrange a pick-up time.<br>If you are unable to collect your bicycle at the specified collection time, it will of course be ready for you at our next opening time.<\/p>\n<\/details>\n\n\n\n<details class=\"wp-block-details is-style-arrow-icon-details is-layout-flow wp-block-details-is-layout-flow\"><summary>Why do I have to fill out the data sheet?<\/summary>\n<p>Why do I have to fill out the data sheet? We adjust your rental bike to your measurements in advance so that you can feel completely comfortable on your tours. Please be sure to send us the data sheet with your booking. If something does not fit, we will be happy to help you. Please do not make any modifications yourself. Especially with carbon parts, the wrong torque can lead to defects.<\/p>\n<\/details>\n\n\n\n<details class=\"wp-block-details is-style-arrow-icon-details is-layout-flow wp-block-details-is-layout-flow\"><summary>Do I need to bring my own pedals?<\/summary>\n<p>We have common pedal systems (Shimano SPD, SPD-SL, Look Keo) in stock and will be happy to install them for you.<br>Rental fee \u20ac10.00<br>We will of course fit your own pedals free of charge.<\/p>\n<\/details>\n\n\n\n<details class=\"wp-block-details is-style-arrow-icon-details is-layout-flow wp-block-details-is-layout-flow\"><summary>Do I have to return my bike clean?<\/summary>\n<p>Bike cleaning is included in the rental price \u2013 after all, you're on holiday.&nbsp;<\/p>\n<\/details>\n\n\n\n<details class=\"wp-block-details is-style-arrow-icon-details is-layout-flow wp-block-details-is-layout-flow\"><summary>What if I need to cancel?<\/summary>\n<p>Cancellation policy <br>Bis 26 Tage vor Ankunft <br>= kostenfrei <br>Ab 25 Tage bis 1 Tag vor Ankunft <br>= 30%<br>No-show = 100%<\/p>\n<\/details>\n<\/div>\n<\/div>\n\n\n\n<div class=\"wp-block-group has-background has-global-padding is-layout-constrained wp-block-group-is-layout-constrained\" style=\"border-width:1px;border-top-left-radius:20px;border-top-right-radius:20px;border-bottom-left-radius:20px;border-bottom-right-radius:20px;background-color:#b7d4da\">\n<div class=\"wp-block-group has-background has-global-padding is-layout-constrained wp-container-core-group-is-layout-3cf2dedd wp-block-group-is-layout-constrained\" style=\"border-top-left-radius:20px;border-top-right-radius:20px;background-color:#b7d4da;margin-top:0;margin-bottom:0;padding-top:0;padding-right:0;padding-bottom:0;padding-left:0\">\n<div style=\"height:8px\" aria-hidden=\"true\" class=\"wp-block-spacer\"><\/div>\n\n\n\n<h1 class=\"wp-block-heading has-text-align-center has-large-font-size\"><strong>hotel information<\/strong><\/h1>\n<\/div>\n\n\n\n<div class=\"wp-block-group has-base-2-background-color has-background has-global-padding is-layout-constrained wp-container-core-group-is-layout-0d50ff42 wp-block-group-is-layout-constrained\" style=\"border-bottom-left-radius:20px;border-bottom-right-radius:20px;padding-top:0;padding-right:var(--wp--preset--spacing--10);padding-bottom:0;padding-left:var(--wp--preset--spacing--10)\">\n<details class=\"wp-block-details is-style-arrow-icon-details is-layout-flow wp-block-details-is-layout-flow\"><summary>Can I also book accommodation?<\/summary>\n<p>We are partners with THB Hotels<br>We would be happy to reserve a room for you. <br>\u2013 THB El Cid**** directly on Playa de Palma, where you will also find our bike rental station.<br>\u2013 THB Mar\u00eda Isabel****, there is a bicycle storage room here, including our service.<br>You can return your hire bike here for a flat fee of \u20ac10.00.<\/p>\n<\/details>\n\n\n\n<details class=\"wp-block-details is-style-arrow-icon-details is-layout-flow wp-block-details-is-layout-flow\"><summary>Can I bring my own bicycle and store it?<\/summary>\n<p>Yes, the hotel's bicycle storage room is available for our guests to use. <\/p>\n\n\n\n<p><\/p>\n<\/details>\n\n\n\n<details class=\"wp-block-details is-style-arrow-icon-details is-layout-flow wp-block-details-is-layout-flow\"><summary>Is there somewhere I can wash my sportswear? <\/summary>\n<p>Yes, washing machines and dryers can be used for a fee.<br><\/p>\n\n\n\n<p><\/p>\n<\/details>\n<\/div>\n<\/div>\n\n\n\n<div class=\"wp-block-group has-background has-global-padding is-layout-constrained wp-block-group-is-layout-constrained\" style=\"border-width:1px;border-top-left-radius:20px;border-top-right-radius:20px;border-bottom-left-radius:20px;border-bottom-right-radius:20px;background-color:#b7d4da\">\n<div class=\"wp-block-group has-background has-global-padding is-layout-constrained wp-container-core-group-is-layout-3cf2dedd wp-block-group-is-layout-constrained\" style=\"border-top-left-radius:20px;border-top-right-radius:20px;background-color:#b7d4da;margin-top:0;margin-bottom:0;padding-top:0;padding-right:0;padding-bottom:0;padding-left:0\">\n<div style=\"height:8px\" aria-hidden=\"true\" class=\"wp-block-spacer\"><\/div>\n\n\n\n<h1 class=\"wp-block-heading has-text-align-center has-large-font-size\"><strong>Insurance &amp; Security<\/strong><\/h1>\n<\/div>\n\n\n\n<div class=\"wp-block-group has-base-2-background-color has-background has-global-padding is-layout-constrained wp-container-core-group-is-layout-0d50ff42 wp-block-group-is-layout-constrained\" style=\"border-bottom-left-radius:20px;border-bottom-right-radius:20px;padding-top:0;padding-right:var(--wp--preset--spacing--10);padding-bottom:0;padding-left:var(--wp--preset--spacing--10)\">\n<details class=\"wp-block-details is-style-arrow-icon-details is-layout-flow wp-block-details-is-layout-flow\"><summary>Is the rental bike insured?<\/summary>\n<p>We want you to enjoy your stay without any worries, which is why insurance for your hire bike is compulsory with us.<\/p>\n\n\n\n<p><\/p>\n<\/details>\n\n\n\n<details class=\"wp-block-details is-style-arrow-icon-details is-layout-flow wp-block-details-is-layout-flow\"><summary>What does the insurance cover?<\/summary>\n<p>The insurance covers material damage to the bicycle caused by falls or accidents during normal use.<br>The following are not covered: theft, negligence and tyre defects. We therefore ask you to always keep an eye on your bicycle or lock it up \u2013 even in the bicycle storage room.<br>Damage incurred while participating in competitions is not covered!<\/p>\n<\/details>\n\n\n\n<details class=\"wp-block-details is-style-arrow-icon-details is-layout-flow wp-block-details-is-layout-flow\"><summary>What traffic rules do I need to follow?<\/summary>\n<p>In Spain, cyclists are required to wear helmets outside built-up areas. For your own safety, we strongly recommend that you always wear a helmet. Helmets are available to hire on request.<br>In addition, the blood alcohol limit for cyclists is also 0.5\u2030.<\/p>\n<\/details>\n\n\n\n<details class=\"wp-block-details is-style-arrow-icon-details is-layout-flow wp-block-details-is-layout-flow\"><summary>Weight restriction<\/summary>\n<p>Please note that the maximum permissible weight of our bikes should not exceed 120 kg.<\/p>\n<\/details>\n<\/div>\n<\/div>\n\n\n\n<div class=\"wp-block-group has-background has-global-padding is-layout-constrained wp-block-group-is-layout-constrained\" style=\"border-width:1px;border-top-left-radius:20px;border-top-right-radius:20px;border-bottom-left-radius:20px;border-bottom-right-radius:20px;background-color:#b7d4da\">\n<div class=\"wp-block-group has-background has-global-padding is-layout-constrained wp-container-core-group-is-layout-3cf2dedd wp-block-group-is-layout-constrained\" style=\"border-top-left-radius:20px;border-top-right-radius:20px;background-color:#b7d4da;margin-top:0;margin-bottom:0;padding-top:0;padding-right:0;padding-bottom:0;padding-left:0\">\n<div style=\"height:8px\" aria-hidden=\"true\" class=\"wp-block-spacer\"><\/div>\n\n\n\n<h1 class=\"wp-block-heading has-text-align-center has-large-font-size\"><strong>General information<\/strong><\/h1>\n<\/div>\n\n\n\n<div class=\"wp-block-group has-base-2-background-color has-background has-global-padding is-layout-constrained wp-container-core-group-is-layout-0d50ff42 wp-block-group-is-layout-constrained\" style=\"border-bottom-left-radius:20px;border-bottom-right-radius:20px;padding-top:0;padding-right:var(--wp--preset--spacing--10);padding-bottom:0;padding-left:var(--wp--preset--spacing--10)\">\n<details class=\"wp-block-details is-style-arrow-icon-details is-layout-flow wp-block-details-is-layout-flow\"><summary>What happens if you break down on the road?<\/summary>\n<p>Each of our bikes is equipped with a mini pump, a spare inner tube and tyre levers. This means you can fix minor punctures yourself. For more serious defects, please contact us by telephone.<\/p>\n<\/details>\n\n\n\n<details class=\"wp-block-details is-style-arrow-icon-details is-layout-flow wp-block-details-is-layout-flow\"><summary>Who should I contact in the event of an accident?<\/summary>\n<p>112 is the standard emergency number throughout the EU!<br>This number can be called free of charge from any landline or mobile phone within the EU. You should always carry identification and proof of health insurance with you.<\/p>\n<\/details>\n\n\n\n<details class=\"wp-block-details is-style-arrow-icon-details is-layout-flow wp-block-details-is-layout-flow\"><summary>Are there guided tours?<\/summary>\n<p>We do not currently offer fixed group tours. However, we would be happy to advise you personally on the most beautiful routes on the island and provide you with GPX tracks.<\/p>\n<\/details>\n\n\n\n<details class=\"wp-block-details is-style-arrow-icon-details is-layout-flow wp-block-details-is-layout-flow\"><summary>Are there any offers for groups?<\/summary>\n<p>We are happy to assist you or your team in planning and organising your cycling trip.&nbsp;<br><br><\/p>\n\n\n\n<p><\/p>\n<\/details>\n<\/div>\n<\/div>\n<\/div>\n\n\n\n<div class=\"wp-block-group alignfull has-global-padding is-layout-constrained wp-container-core-group-is-layout-d89aad35 wp-block-group-is-layout-constrained\" style=\"margin-top:0;margin-bottom:0;padding-top:var(--wp--preset--spacing--50);padding-right:var(--wp--preset--spacing--50);padding-bottom:var(--wp--preset--spacing--50);padding-left:var(--wp--preset--spacing--50)\">\n<div class=\"wp-block-group alignwide has-base-2-background-color has-background has-global-padding is-layout-constrained wp-container-core-group-is-layout-39412042 wp-block-group-is-layout-constrained\" style=\"border-radius:16px;padding-top:var(--wp--preset--spacing--40);padding-right:var(--wp--preset--spacing--50);padding-bottom:var(--wp--preset--spacing--40);padding-left:var(--wp--preset--spacing--50)\">\n<div style=\"height:var(--wp--preset--spacing--10)\" aria-hidden=\"true\" class=\"wp-block-spacer\"><\/div>\n\n\n\n<h2 class=\"wp-block-heading has-text-align-center has-x-large-font-size\">Any questions?<\/h2>\n\n\n\n<p class=\"has-text-align-center\">If you cannot find the information you are looking for, please do not hesitate to contact us directly. We are happy to help!<br><\/p>\n\n\n\n<div class=\"wp-block-buttons is-content-justification-center is-layout-flex wp-container-core-buttons-is-layout-a89b3969 wp-block-buttons-is-layout-flex\">\n<div class=\"wp-block-button\"><a class=\"wp-block-button__link wp-element-button\">mallorca@berner-bikes-mallorca.com<\/a><\/div>\n<\/div>\n\n\n\n<div style=\"height:var(--wp--preset--spacing--10)\" aria-hidden=\"true\" class=\"wp-block-spacer\"><\/div>\n<\/div>\n<\/div>","protected":false},"excerpt":{"rendered":"<p>H\u00e4ufig gestellte Fragen Hier findest du Antworten auf die wichtigsten Fragen rund um deine Radsportferien mit BERNER Bikes. Buchung &amp; Bezahlung Radverleih &amp; Abholung Hotelinformationen Versicherung &amp; Sicherheit Allgemeines Noch Fragen offen? Wenn du die gew\u00fcnschten Information nicht finden konntest, z\u00f6gere nicht, uns direkt zu kontaktieren. Wir sind gerne f\u00fcr dich da!<\/p>","protected":false},"author":1,"featured_media":0,"parent":0,"menu_order":0,"comment_status":"closed","ping_status":"closed","template":"page-no-title","meta":{"footnotes":""},"class_list":["post-33","page","type-page","status-publish","hentry"],"_links":{"self":[{"href":"https:\/\/www.berner-bikes-mallorca.com\/en\/wp-json\/wp\/v2\/pages\/33","targetHints":{"allow":["GET"]}}],"collection":[{"href":"https:\/\/www.berner-bikes-mallorca.com\/en\/wp-json\/wp\/v2\/pages"}],"about":[{"href":"https:\/\/www.berner-bikes-mallorca.com\/en\/wp-json\/wp\/v2\/types\/page"}],"author":[{"embeddable":true,"href":"https:\/\/www.berner-bikes-mallorca.com\/en\/wp-json\/wp\/v2\/users\/1"}],"replies":[{"embeddable":true,"href":"https:\/\/www.berner-bikes-mallorca.com\/en\/wp-json\/wp\/v2\/comments?post=33"}],"version-history":[{"count":35,"href":"https:\/\/www.berner-bikes-mallorca.com\/en\/wp-json\/wp\/v2\/pages\/33\/revisions"}],"predecessor-version":[{"id":466,"href":"https:\/\/www.berner-bikes-mallorca.com\/en\/wp-json\/wp\/v2\/pages\/33\/revisions\/466"}],"wp:attachment":[{"href":"https:\/\/www.berner-bikes-mallorca.com\/en\/wp-json\/wp\/v2\/media?parent=33"}],"curies":[{"name":"wp","href":"https:\/\/api.w.org\/{rel}","templated":true}]}}