{"id":357,"date":"2025-12-14T09:29:25","date_gmt":"2025-12-14T08:29:25","guid":{"rendered":"https:\/\/www.berner-bikes-mallorca.com\/?page_id=357"},"modified":"2025-12-14T10:14:26","modified_gmt":"2025-12-14T09:14:26","slug":"mietbedingungen","status":"publish","type":"page","link":"https:\/\/www.berner-bikes-mallorca.com\/en\/mietbedingungen\/","title":{"rendered":"Mietbedingungen"},"content":{"rendered":"<p><\/p>\n\n\n\n<p><\/p>\n\n\n\n<h3 class=\"wp-block-heading\">Unsere Mietbedingungen<\/h3>\n\n\n\n<p>1. Zustandekommen des Vertrags:<br>Der Vertrag zwischen Mieter und BERNER Bikes kommt durch Angebot und Annahme zustande.<br>Das Angebot kommt in der Regel durch schriftliche, telefonische, elektronische oder pers\u00f6nliche Buchung durch den Mieter zustande. Mit Reservierungsbest\u00e4tigung erfolgt die Annahme.<br>Ab diesem Zeitpunkt sind Rechte und Pflichten, sowie Bezahlung des Reservierungspreises f\u00fcr alle angemeldeten Mieter verpflichtend. Die schriftliche Best\u00e4tigung kann auf elektronischem Weg erfolgen.<\/p>\n\n\n\n<p>2. \u00dcbergabe<br>Dem Mieter wird ein Mietrad in technisch einwandfreiem und sauberem Zustand \u00fcbergeben. Der Mieter ist verpflichtet, das Mietrad auf den gebrauchst\u00fcchtigen Zustand zu kontrollieren.<br>Defekte \u2013 auch nach Unfall usw. &#8211; sind unverz\u00fcglich der Verleihstation zu melden!<\/p>\n\n\n\n<p>Wir vermieten unsere R\u00e4der nur gegen Vorlage eines Personalausweises oder eines F\u00fchrerscheins. Bei vorzeitiger, nicht vom Vermieter zu vertretender R\u00fcckgabe (z.B. schlechtes Wetter, Krankheit) erfolgt keine Mietpreisr\u00fcckerstattung.<\/p>\n\n\n\n<p>3. Haftung<br>Mit \u00dcbergabe des Rades, ist der Mieter f\u00fcr das Rad verantwortlich.<\/p>\n\n\n\n<p>Der Mieter ist verpflichtet, das Fahrrad schonend und fachgerecht zu gebrauchen und nur auf befestigten Stra\u00dfen einzusetzen, sowie die Stra\u00dfenverkehrsregeln zu beachten. Dem Mieter ist es untersagt, das Fahrrad unter Drogen und Alkoholeinfluss zu benutzen, auch ist es nicht erlaubt an Wettk\u00e4mpfen teilzunehmen. Umbauten und sonstige Eingriffe am Fahrrad sind dem Mieter untersagt. Anbauten (z.B. Triathlon-Aufsatz) darf der Mieter auf eigene Gefahr vornehmen.<br>Weitergabe an Dritte ist untersagt.<\/p>\n\n\n\n<p>Sollten w\u00e4hrend des Gebrauchs verschuldet oder unverschuldet Sch\u00e4den entstehen, zeigt der Mieter dem Vermieter diese Sch\u00e4den unverz\u00fcglich an. Dabei hat der Mieter die Pflicht, dem Vermieter \u00fcber alle Einzelheiten des Schadenhergangs zu unterrichten, die anfallenden Kosten zur Schadensbehebung sind vom Mieter zu tragen.<br>F\u00fchrt ein Schaden dazu, dass das Fahrrad nicht mehr gebrauchstauglich ist, stellt der Vermieter \u2013 soweit verf\u00fcgbar, gegen eine neue Mietgeb\u00fchr &#8211; dem Mieter ein gleichwertiges Fahrrad als Ersatz zur Verf\u00fcgung.&nbsp;<\/p>\n\n\n\n<p>Der Mieter haftet f\u00fcr alle Sch\u00e4den, die nicht auf Verschlei\u00df zur\u00fcckzuf\u00fchren sind, insbesondere f\u00fcr alle Sch\u00e4den, die durch Unfall, mutwillige Besch\u00e4digung und Diebstahl entstanden sind. Die Unfall- und Haftpflichtversicherung hinsichtlich der Nutzung des Rades ist Sache des Mieters. Der Vermieter haftet zu keinem Zeitpunkt f\u00fcr Haftpflicht- und Unfallsch\u00e4den, die der Mieter verursacht oder die er durch die Benutzung des Mietrades erleidet.<\/p>\n\n\n\n<p>4. Diebstahl<br>Der Mieter verpflichtet sich, das Mietrad immer mit einem Schloss zu sichern, wobei das Schloss an \u00f6ffentlichen Pl\u00e4tzen nur zur Abschreckung dient, es sollte immer beaufsichtigt sein!<br>Nachts muss das Rad in einem gesicherten, abschlie\u00dfbaren Raum, in verschlossenem Zustand abgestellt werden. Diebstahl muss sofort an BERNER-Bikes und der Polizei gemeldet werden. Bei Diebstahl ist der Wiederbeschaffungswert bzw. Kaufpreis des Rades sofort zur Zahlung f\u00e4llig.<\/p>\n\n\n\n<p>5. Mietradversicherung<br>Die Versicherung deckt Besch\u00e4digungen des Mietmaterials, die auf einen selbstverschuldeten Unfall zur\u00fcckzuf\u00fchren sind, ab. Nicht versichert sind Diebstahl, sowie abhandengekommene Radteile bzw. Radzubeh\u00f6rteile und Schlauchdefekte. Der Mieter haftet weiterhin f\u00fcr alle Sch\u00e4den, die auf vors\u00e4tzliches oder fahrl\u00e4ssiges Handeln zur\u00fcck zu f\u00fchren sind. Diebstahl muss sofort an BERNER-Bikes gemeldet und angezeigt werden.<\/p>\n\n\n\n<p>6. Haftpflichtversicherung<br>Den Mietern wird ausdr\u00fccklich empfohlen, eine Haftpflichtversicherung abzuschlie\u00dfen.<\/p>\n\n\n\n<p>7. Mietzeitraum<br>Die Miete f\u00fcr einen Tag versteht sich von Morgens bis Abends, \u00d6ffnungszeiten laut Aushang. Wird das Rad bei Mietende nicht bis zum Gesch\u00e4ftsschluss zur\u00fcckgegeben, behalten wir uns vor, den vollen Tagesmietpreis des darauffolgenden Tages zu berechnen. Das Rad muss an der Abholstation zur\u00fcck gegeben werden.<\/p>\n\n\n\n<p>8. Helmpflicht<br>In Spanien herrscht Helmpflicht. Wir bitten deshalb alle Mieter, einen Helm zu tragen und die spanische Stra\u00dfenverkehrsordnung einzuhalten.<\/p>\n\n\n\n<p>9. Dienstleistung Reservierung Hotelzimmer<br>Wenn ein Hotelzimmer \u00fcber BERNER Bikes reserviert wird, entsteht ein direktes, rechtsverbindliches Vertragsverh\u00e4ltnis mit dem Hotel, in dem die Reservierung vorgenommen wird. Wir fungieren ausschlie\u00dflich als Vermittler zwischen Mieter und Hotel, \u00fcbersenden die Reservierungsdaten und senden eine Best\u00e4tigung in Vertretung des Hotels.<br>Mit Reservierung werden automatisch die Gesch\u00e4fts- und Stornobedingungen des Hotels akzeptiert.<\/p>","protected":false},"excerpt":{"rendered":"<p>Unsere Mietbedingungen 1. Zustandekommen des Vertrags:Der Vertrag zwischen Mieter und BERNER Bikes kommt durch Angebot und Annahme zustande.Das Angebot kommt in der Regel durch schriftliche, telefonische, elektronische oder pers\u00f6nliche Buchung durch den Mieter zustande. Mit Reservierungsbest\u00e4tigung erfolgt die Annahme.Ab diesem Zeitpunkt sind Rechte und Pflichten, sowie Bezahlung des Reservierungspreises f\u00fcr alle angemeldeten Mieter verpflichtend. Die [&hellip;]<\/p>\n","protected":false},"author":1,"featured_media":0,"parent":0,"menu_order":0,"comment_status":"closed","ping_status":"closed","template":"page-no-title","meta":{"footnotes":""},"class_list":["post-357","page","type-page","status-publish","hentry"],"_links":{"self":[{"href":"https:\/\/www.berner-bikes-mallorca.com\/en\/wp-json\/wp\/v2\/pages\/357","targetHints":{"allow":["GET"]}}],"collection":[{"href":"https:\/\/www.berner-bikes-mallorca.com\/en\/wp-json\/wp\/v2\/pages"}],"about":[{"href":"https:\/\/www.berner-bikes-mallorca.com\/en\/wp-json\/wp\/v2\/types\/page"}],"author":[{"embeddable":true,"href":"https:\/\/www.berner-bikes-mallorca.com\/en\/wp-json\/wp\/v2\/users\/1"}],"replies":[{"embeddable":true,"href":"https:\/\/www.berner-bikes-mallorca.com\/en\/wp-json\/wp\/v2\/comments?post=357"}],"version-history":[{"count":2,"href":"https:\/\/www.berner-bikes-mallorca.com\/en\/wp-json\/wp\/v2\/pages\/357\/revisions"}],"predecessor-version":[{"id":362,"href":"https:\/\/www.berner-bikes-mallorca.com\/en\/wp-json\/wp\/v2\/pages\/357\/revisions\/362"}],"wp:attachment":[{"href":"https:\/\/www.berner-bikes-mallorca.com\/en\/wp-json\/wp\/v2\/media?parent=357"}],"curies":[{"name":"wp","href":"https:\/\/api.w.org\/{rel}","templated":true}]}}